{"id":123,"date":"2021-12-31T12:50:30","date_gmt":"2021-12-31T11:50:30","guid":{"rendered":"https:\/\/frohmithund.de\/?page_id=123"},"modified":"2024-12-16T12:33:55","modified_gmt":"2024-12-16T11:33:55","slug":"startseite-2","status":"publish","type":"page","link":"https:\/\/frohmithund.de\/?page_id=123","title":{"rendered":"Das biete ich an"},"content":{"rendered":"\n<p class=\"has-text-align-left\"><strong>Erst-Kennenlern-Gespr\u00e4ch in der Einzelstunde <br>(90 Minuten) = 90 Euro <\/strong><\/p>\n\n\n\n<p>Das <strong>erste Treffen <\/strong>ist meist <strong>zeitintensiv(er)<\/strong>, da wir beide die M\u00f6glichkeit haben sollten, uns etwas n\u00e4her <strong>kennenzulernen<\/strong>. Meines Erachtens ist die <strong>Grundvoraussetzungen<\/strong> f\u00fcr eine <strong>vertrauensvolle Zusammenarbeit, eine positive Grundstimmung<\/strong>  <strong>und<\/strong> <strong>vorhandene Sympathie.<\/strong><br>Wir sprechen u.a. \u00fcber die<strong> Ist-Situation<\/strong> mit Dir und Deinem Hund, \u00fcber <strong>W\u00fcnsche<\/strong> bzgl. <strong>Verhaltens\u00e4nderungen<\/strong> oder allgemein die <strong>Themen<\/strong>, an denen ihr <strong>arbeiten<\/strong> m\u00f6chtet. <br>Wir analysieren, <strong>definieren Ziele<\/strong> und steigen in erste Trainingseinheiten ein&#8230; <\/p>\n\n\n\n<p><em>Interesse? <br>Melde Dich gern telefonisch, alternativ via WhatsApp oder schreib&#8216; mir eine Mail.<\/em><\/p>\n\n\n\n<p><\/p>\n\n\n\n<p class=\"has-text-align-left\"><br><strong>Intensiv-Training in der Einzelstunde <\/strong><br><strong>(60 Minuten) = 70 Euro <\/strong><br><br>z.B. f\u00fcr Themen wie<br>&#8211; Hilfe, ein Hund kommt ins Haus <br>&#8211; Hundezusammenf\u00fchrung<br>&#8211; Grunderziehung &#8222;Basis&#8220;<br>&#8211; R\u00fcckruf<br>&#8211; Leinenf\u00fchrigkeit<br>&#8211; Aus\/Nein\/Tauschen<br>&#8211; Warte\/Bleib\/Stopp<br>&#8211; Aufmerksamkeit\/Umorientierung<br>&#8211; Maulkorb<br>&#8211; Besch\u00e4ftigungsideen\/Nasenarbeit<br>&#8211; richtiges Spielen<br>&#8211; Problemverhalten &#8222;Unruhe&#8220; \/ &#8222;Nervosit\u00e4t&#8220;<br>&#8211; Problemverhalten &#8222;Angst&#8220; \/ &#8222;Unsicherheit&#8220;<br>&#8211; Problemverhalten &#8222;Aggression&#8220;<br>&#8211; Problemverhalten &#8222;Jagen&#8220;<br><br><em>Interesse? <br>Melde Dich gern telefonisch, alternativ via WhatsApp oder schreib&#8216; mir eine Mail.<\/em><\/p>\n\n\n\n<p class=\"has-black-color has-text-color\"><br><strong>Abenteuerspaziergang, gef\u00fchrt in einer Gruppe <\/strong><br><strong>&#8211; max. 8 Mensch-Hund-Teams &#8211; <br>(60 &#8211; 90 Minuten) = 18 Euro pro Teilnehmer <\/strong><\/p>\n\n\n\n<p>Wir treffen uns zu einer <strong>gemeinsamen Hunderunde<\/strong> und \u00fcben das entspannte Spazieren in der Gruppe. Unsere Hunde werden bewusst in die <strong>Umwelterkundung<\/strong> geschickt, trainieren <strong>Basis\u00fcbungen<\/strong> wie Sitz \/ Platz \/ Schau \/ Hier u.v.m. unter Ablenkung. <strong>Such- und Rennspiele <\/strong>werden ebenso integriert, zudem trainieren wir den <strong>R\u00fcckruf<\/strong>, nach Bedarf das Spazieren an der <strong>Schleppleine<\/strong> sowie den<strong> kontrollierten Freilauf<\/strong>. Voraussetzung f\u00fcr den Freilauf ist, dass die Fellnasen (untereinander) sozialvertr\u00e4glich sind.<\/p>\n\n\n\n<p>Gerne sind auch <strong>sozial unsichere und\/oder unge\u00fcbte Hunde<\/strong> <strong>ebenfalls<\/strong> <strong>herzlich<\/strong> <strong>Willkommen! <\/strong>Hier bleiben die Hunde w\u00e4hrend des gesamten Spaziergangs an der Leine. Wir achten auf <strong>ausreichend Abstand <\/strong>unter den trainierenden Teams, damit kein Hund und kein Mensch \u00fcberfordert werden.<br><br>Mindestteilnehmer: sechs Mensch-Hund-Teams<br><br><em>Interesse?<br>Melde Dich gern telefonisch, alternativ via WhatsApp oder schreib&#8216; mir eine Mail.<\/em> <br><\/p>\n\n\n\n<p><strong>Bleib(t) bitte gesund! <\/strong><br> <br>Dar\u00fcber hinaus ist es mir wirklich wichtig, dass unsere <strong>Vierbeiner <\/strong>ein m\u00f6glichst <strong>langes<\/strong> und <strong>gesundes<\/strong> Leben f\u00fchren. U.a. geh\u00f6rt dazu auch eine <strong>ausgewogene Ern\u00e4hrung<\/strong> <strong>mit transparenten Inhaltsstoffen.<\/strong> Ich habe einen <strong>zuverl\u00e4ssigen Partner <\/strong>gefunden, dem ich hier voll und ganz vertraue:<strong> <a href=\"http:\/\/www.alpenwuff.de\">http:\/\/www.alpenwuff.de<\/a><\/strong><\/p>\n\n\n\n<figure class=\"wp-block-image size-large is-resized\"><img loading=\"lazy\" decoding=\"async\" width=\"1024\" height=\"1024\" src=\"https:\/\/frohmithund.de\/wp-content\/uploads\/2024\/04\/Copy-of-alpenwuff-logo-neu_transparenter-Hintergrund-1024x1024.png\" alt=\"\" class=\"wp-image-181\" style=\"width:224px;height:224px\" srcset=\"https:\/\/frohmithund.de\/wp-content\/uploads\/2024\/04\/Copy-of-alpenwuff-logo-neu_transparenter-Hintergrund-1024x1024.png 1024w, https:\/\/frohmithund.de\/wp-content\/uploads\/2024\/04\/Copy-of-alpenwuff-logo-neu_transparenter-Hintergrund-300x300.png 300w, https:\/\/frohmithund.de\/wp-content\/uploads\/2024\/04\/Copy-of-alpenwuff-logo-neu_transparenter-Hintergrund-150x150.png 150w, https:\/\/frohmithund.de\/wp-content\/uploads\/2024\/04\/Copy-of-alpenwuff-logo-neu_transparenter-Hintergrund-768x768.png 768w, https:\/\/frohmithund.de\/wp-content\/uploads\/2024\/04\/Copy-of-alpenwuff-logo-neu_transparenter-Hintergrund-100x100.png 100w, https:\/\/frohmithund.de\/wp-content\/uploads\/2024\/04\/Copy-of-alpenwuff-logo-neu_transparenter-Hintergrund.png 1500w\" sizes=\"auto, (max-width: 767px) 89vw, (max-width: 1000px) 54vw, (max-width: 1071px) 543px, 580px\" \/><\/figure>\n\n\n\n<p><br><em>Interesse?<br>Melde Dich gern telefonisch, alternativ via WhatsApp oder schreib&#8216; mir eine Mail.<\/em><\/p>\n\n\n\n<p><\/p>\n\n\n\n<p><\/p>\n\n\n\n<p><\/p>\n","protected":false},"excerpt":{"rendered":"<p>Erst-Kennenlern-Gespr\u00e4ch in der Einzelstunde (90 Minuten) = 90 Euro Das erste Treffen ist meist zeitintensiv(er), da wir beide die M\u00f6glichkeit haben sollten, uns etwas n\u00e4her kennenzulernen. Meines Erachtens ist die Grundvoraussetzungen f\u00fcr eine vertrauensvolle Zusammenarbeit, eine positive Grundstimmung und vorhandene Sympathie.Wir sprechen u.a. \u00fcber die Ist-Situation mit Dir und Deinem Hund, \u00fcber W\u00fcnsche bzgl. Verhaltens\u00e4nderungen &hellip; <\/p>\n<p class=\"link-more\"><a href=\"https:\/\/frohmithund.de\/?page_id=123\" class=\"more-link\"><span class=\"screen-reader-text\">\u201eDas biete ich an\u201c<\/span> weiterlesen<\/a><\/p>\n","protected":false},"author":1,"featured_media":0,"parent":0,"menu_order":2,"comment_status":"closed","ping_status":"closed","template":"","meta":{"footnotes":""},"class_list":["post-123","page","type-page","status-publish","hentry"],"_links":{"self":[{"href":"https:\/\/frohmithund.de\/index.php?rest_route=\/wp\/v2\/pages\/123","targetHints":{"allow":["GET"]}}],"collection":[{"href":"https:\/\/frohmithund.de\/index.php?rest_route=\/wp\/v2\/pages"}],"about":[{"href":"https:\/\/frohmithund.de\/index.php?rest_route=\/wp\/v2\/types\/page"}],"author":[{"embeddable":true,"href":"https:\/\/frohmithund.de\/index.php?rest_route=\/wp\/v2\/users\/1"}],"replies":[{"embeddable":true,"href":"https:\/\/frohmithund.de\/index.php?rest_route=%2Fwp%2Fv2%2Fcomments&post=123"}],"version-history":[{"count":23,"href":"https:\/\/frohmithund.de\/index.php?rest_route=\/wp\/v2\/pages\/123\/revisions"}],"predecessor-version":[{"id":204,"href":"https:\/\/frohmithund.de\/index.php?rest_route=\/wp\/v2\/pages\/123\/revisions\/204"}],"wp:attachment":[{"href":"https:\/\/frohmithund.de\/index.php?rest_route=%2Fwp%2Fv2%2Fmedia&parent=123"}],"curies":[{"name":"wp","href":"https:\/\/api.w.org\/{rel}","templated":true}]}}