{"id":13,"date":"2021-10-14T12:08:37","date_gmt":"2021-10-14T10:08:37","guid":{"rendered":"https:\/\/frohmithund.de\/?page_id=13"},"modified":"2024-12-16T12:22:45","modified_gmt":"2024-12-16T11:22:45","slug":"startseite","status":"publish","type":"page","link":"https:\/\/frohmithund.de\/","title":{"rendered":"&#8222;Der soll doch einfach nur das machen, was ich ihm sage&#8230;\u201c"},"content":{"rendered":"\n<p class=\"has-black-color has-white-background-color has-text-color has-background\">Wusstest Du eigentlich, dass <strong>Hunde unsere Sprache gar nicht verstehen?! <\/strong><br>Und dabei ist es v\u00f6llig egal, welche Sprache wir sprechen&#8230; \ud83d\ude09<br><br>Alles was unser <strong>Hund (f\u00fcr uns) tun soll<\/strong>, m\u00fcssen <strong>wir ihm schlichtweg erst beibringen<\/strong>. <br>Das ist quasi wie Vokabeln lernen&#8230; <br><br><strong>Wenn Du m\u00f6chtest, helfe ich Dir dabei!<\/strong><\/p>\n\n\n\n<p><\/p>\n","protected":false},"excerpt":{"rendered":"<p>Wusstest Du eigentlich, dass Hunde unsere Sprache gar nicht verstehen?! Und dabei ist es v\u00f6llig egal, welche Sprache wir sprechen&#8230; \ud83d\ude09 Alles was unser Hund (f\u00fcr uns) tun soll, m\u00fcssen wir ihm schlichtweg erst beibringen. Das ist quasi wie Vokabeln lernen&#8230; Wenn Du m\u00f6chtest, helfe ich Dir dabei!<\/p>\n","protected":false},"author":1,"featured_media":0,"parent":0,"menu_order":0,"comment_status":"closed","ping_status":"closed","template":"","meta":{"footnotes":""},"class_list":["post-13","page","type-page","status-publish","hentry"],"_links":{"self":[{"href":"https:\/\/frohmithund.de\/index.php?rest_route=\/wp\/v2\/pages\/13","targetHints":{"allow":["GET"]}}],"collection":[{"href":"https:\/\/frohmithund.de\/index.php?rest_route=\/wp\/v2\/pages"}],"about":[{"href":"https:\/\/frohmithund.de\/index.php?rest_route=\/wp\/v2\/types\/page"}],"author":[{"embeddable":true,"href":"https:\/\/frohmithund.de\/index.php?rest_route=\/wp\/v2\/users\/1"}],"replies":[{"embeddable":true,"href":"https:\/\/frohmithund.de\/index.php?rest_route=%2Fwp%2Fv2%2Fcomments&post=13"}],"version-history":[{"count":10,"href":"https:\/\/frohmithund.de\/index.php?rest_route=\/wp\/v2\/pages\/13\/revisions"}],"predecessor-version":[{"id":196,"href":"https:\/\/frohmithund.de\/index.php?rest_route=\/wp\/v2\/pages\/13\/revisions\/196"}],"wp:attachment":[{"href":"https:\/\/frohmithund.de\/index.php?rest_route=%2Fwp%2Fv2%2Fmedia&parent=13"}],"curies":[{"name":"wp","href":"https:\/\/api.w.org\/{rel}","templated":true}]}}