{"id":6,"date":"2021-10-14T12:08:37","date_gmt":"2021-10-14T10:08:37","guid":{"rendered":"https:\/\/frohmithund.de\/?page_id=6"},"modified":"2023-09-12T11:15:26","modified_gmt":"2023-09-12T09:15:26","slug":"ueber-uns","status":"publish","type":"page","link":"https:\/\/frohmithund.de\/?page_id=6","title":{"rendered":"Das bin ich"},"content":{"rendered":"\n<p><\/p>\n\n\n\n<p><strong>Zertifizierte Hundetrainerin \/ Verhaltensberaterin IHK\/BHV<\/strong><br>(<strong>Sachkundenachweis gem\u00e4\u00df \u00a7 11 TierSchG<\/strong>)<\/p>\n\n\n\n<p><br><em>Trainerausbildung von Juni 2019 bis August 2020<\/em><\/p>\n\n\n\n<p><em>Inhalte:<\/em><br>&#8211; Schl\u00fcsselqualifikation \u2013 vom Hobby zum Beruf (Ute Fr\u00f6hlich)<br>&#8211; Kommunikations- und Pr\u00e4sentationstechniken (Ute Fr\u00f6hlich)<br>&#8211; Genetik (Dr. Barbara Sch\u00f6ning)<br>&#8211; Tiergerechte Hundehaltung (Dr. Barbara Sch\u00f6ning)<br>&#8211; Neurologie und Neurophysiologie (Dr. Barbara Sch\u00f6ning)<br>&#8211; Anatomie\/physiologische Grundlagen\/Krankheiten (Dr. S. Schmitt)<br>&#8211; Erste Hilfe (Dr. Sonja Schmitt)<br>&#8211; Lernverhalten I bis III (Dr. Katrin Voigt)<br>&#8211; Ethologie I bis III (Dr. Katrin Hagmann)<br>&#8211; Altersgem\u00e4\u00dfe Erziehung I + II (Sabine Winkler)<br>&#8211; Trainingstechniken I + II (Annette M\u00f6ckel)<br>&#8211; Problemverhalten I + II (Dr. Katrin Voigt)<br>&#8211; Problemverhalten III (Dr. Barbara Sch\u00f6ning)<br>&#8211; Kommunikation mit dem Kunden (Annette M\u00f6ckel)<br>&#8211; Lernverhalten III (praktisch: Dr. Katrin Hagmann)<br>&#8211; rechtliche Grundlagen der Tierhaltung (TierSchG) (Klaus Gondek)<br>&#8211; Unternehmensf\u00fchrung und Management (Benjamin Michels)<br>&#8211; Methodenkompetenz in der Weiterbildung (Ute Fr\u00f6hlich)<br>Abschluss Theorie: Dezember 2019<br><br><em>Praktikumsbetriebe:<\/em><br>&#8211; Hundeschule DOGMIND, Lohmar<br>&#8211; Hundehalterschule Anette Knobloch, Engelskirchen<br>&#8211; DOGGYDOGS, Reudt<br>&#8211; Hundezentrum Rhein\/Main, Waldems-Esch<br>&#8211; Hundeschule Waldschl\u00f6sschen, Irmenach<br>&#8211; Hundeschule icHUNDdu, Weisenheim<br>&#8211; PRO-DOG Berlin, Gro\u00df Kienitz<br>Abschluss Praxis: August 2020<br><br><em>Bereits t\u00e4tig f\u00fcr:<\/em><br>&#8211; Hunderanch, K\u00f6ln<br>&#8211; SNOPUS\u00ae \u2013 Hunde f\u00fcr\u2019s Leben, K\u00f6ln<br>&#8211; wuff&amp;klick (Hundeschule\/Hundetagesst\u00e4tte), Lindlar<\/p>\n\n\n\n<figure class=\"wp-block-image size-full is-resized\"><img loading=\"lazy\" decoding=\"async\" src=\"https:\/\/frohmithund.de\/wp-content\/uploads\/2021\/12\/4d8fb0a5-77a5-4d85-8e9b-19d9bda504f0-1.jpg\" alt=\"\" class=\"wp-image-137\" width=\"473\" height=\"630\" srcset=\"https:\/\/frohmithund.de\/wp-content\/uploads\/2021\/12\/4d8fb0a5-77a5-4d85-8e9b-19d9bda504f0-1.jpg 768w, https:\/\/frohmithund.de\/wp-content\/uploads\/2021\/12\/4d8fb0a5-77a5-4d85-8e9b-19d9bda504f0-1-225x300.jpg 225w\" sizes=\"auto, (max-width: 473px) 100vw, 473px\" \/><\/figure>\n\n\n\n<p><br><\/p>\n","protected":false},"excerpt":{"rendered":"<p>Zertifizierte Hundetrainerin \/ Verhaltensberaterin IHK\/BHV(Sachkundenachweis gem\u00e4\u00df \u00a7 11 TierSchG) Trainerausbildung von Juni 2019 bis August 2020 Inhalte:&#8211; Schl\u00fcsselqualifikation \u2013 vom Hobby zum Beruf (Ute Fr\u00f6hlich)&#8211; Kommunikations- und Pr\u00e4sentationstechniken (Ute Fr\u00f6hlich)&#8211; Genetik (Dr. Barbara Sch\u00f6ning)&#8211; Tiergerechte Hundehaltung (Dr. Barbara Sch\u00f6ning)&#8211; Neurologie und Neurophysiologie (Dr. Barbara Sch\u00f6ning)&#8211; Anatomie\/physiologische Grundlagen\/Krankheiten (Dr. S. Schmitt)&#8211; Erste Hilfe (Dr. Sonja Schmitt)&#8211; &hellip; <\/p>\n<p class=\"link-more\"><a href=\"https:\/\/frohmithund.de\/?page_id=6\" class=\"more-link\"><span class=\"screen-reader-text\">\u201eDas bin ich\u201c<\/span> weiterlesen<\/a><\/p>\n","protected":false},"author":1,"featured_media":0,"parent":0,"menu_order":0,"comment_status":"closed","ping_status":"closed","template":"","meta":{"footnotes":""},"class_list":["post-6","page","type-page","status-publish","hentry"],"_links":{"self":[{"href":"https:\/\/frohmithund.de\/index.php?rest_route=\/wp\/v2\/pages\/6","targetHints":{"allow":["GET"]}}],"collection":[{"href":"https:\/\/frohmithund.de\/index.php?rest_route=\/wp\/v2\/pages"}],"about":[{"href":"https:\/\/frohmithund.de\/index.php?rest_route=\/wp\/v2\/types\/page"}],"author":[{"embeddable":true,"href":"https:\/\/frohmithund.de\/index.php?rest_route=\/wp\/v2\/users\/1"}],"replies":[{"embeddable":true,"href":"https:\/\/frohmithund.de\/index.php?rest_route=%2Fwp%2Fv2%2Fcomments&post=6"}],"version-history":[{"count":9,"href":"https:\/\/frohmithund.de\/index.php?rest_route=\/wp\/v2\/pages\/6\/revisions"}],"predecessor-version":[{"id":173,"href":"https:\/\/frohmithund.de\/index.php?rest_route=\/wp\/v2\/pages\/6\/revisions\/173"}],"wp:attachment":[{"href":"https:\/\/frohmithund.de\/index.php?rest_route=%2Fwp%2Fv2%2Fmedia&parent=6"}],"curies":[{"name":"wp","href":"https:\/\/api.w.org\/{rel}","templated":true}]}}